{"id":10,"date":"2025-07-01T23:25:00","date_gmt":"2025-07-01T21:25:00","guid":{"rendered":"https:\/\/centrumusiebie.pl\/?page_id=10"},"modified":"2025-07-02T00:20:04","modified_gmt":"2025-07-01T22:20:04","slug":"prace","status":"publish","type":"page","link":"https:\/\/centrumusiebie.pl\/","title":{"rendered":"Prace"},"content":{"rendered":"\t\t<div data-elementor-type=\"wp-page\" data-elementor-id=\"10\" class=\"elementor elementor-10\" data-elementor-post-type=\"page\">\n\t\t\t\t<div class=\"elementor-element elementor-element-df66fc3 e-flex e-con-boxed e-con e-parent\" data-id=\"df66fc3\" data-element_type=\"container\">\n\t\t\t\t\t<div class=\"e-con-inner\">\n\t\t\t\t<div class=\"elementor-element elementor-element-1bc818b elementor-widget elementor-widget-heading\" data-id=\"1bc818b\" data-element_type=\"widget\" data-widget_type=\"heading.default\">\n\t\t\t\t\t<h2 class=\"elementor-heading-title elementor-size-default\">\ud83d\udd27 Strona w budowie \ud83d\udd28<\/h2>\t\t\t\t<\/div>\n\t\t\t\t\t<\/div>\n\t\t\t\t<\/div>\n\t\t<div class=\"elementor-element elementor-element-e782356 e-flex e-con-boxed e-con e-parent\" data-id=\"e782356\" data-element_type=\"container\">\n\t\t\t\t\t<div class=\"e-con-inner\">\n\t\t<div class=\"elementor-element elementor-element-0804b3e e-con-full e-flex e-con e-child\" data-id=\"0804b3e\" data-element_type=\"container\">\n\t\t\t\t<div class=\"elementor-element elementor-element-a7917e9 elementor-widget elementor-widget-image\" data-id=\"a7917e9\" data-element_type=\"widget\" data-widget_type=\"image.default\">\n\t\t\t\t\t\t\t\t\t\t\t\t\t\t\t<img fetchpriority=\"high\" decoding=\"async\" width=\"798\" height=\"385\" src=\"https:\/\/centrumusiebie.pl\/wp-content\/uploads\/2025\/07\/Centrumusiebie-logo.webp\" class=\"attachment-large size-large wp-image-20\" alt=\"\" srcset=\"https:\/\/centrumusiebie.pl\/wp-content\/uploads\/2025\/07\/Centrumusiebie-logo.webp 798w, https:\/\/centrumusiebie.pl\/wp-content\/uploads\/2025\/07\/Centrumusiebie-logo-300x145.webp 300w, https:\/\/centrumusiebie.pl\/wp-content\/uploads\/2025\/07\/Centrumusiebie-logo-768x371.webp 768w\" sizes=\"(max-width: 798px) 100vw, 798px\" \/>\t\t\t\t\t\t\t\t\t\t\t\t\t\t\t<\/div>\n\t\t\t\t<div class=\"elementor-element elementor-element-a6acf3d elementor-widget elementor-widget-text-editor\" data-id=\"a6acf3d\" data-element_type=\"widget\" data-widget_type=\"text-editor.default\">\n\t\t\t\t\t\t\t\t\t<p data-start=\"573\" data-end=\"685\">\ud83d\udccd <strong data-start=\"576\" data-end=\"599\">Gabinet stacjonarny<\/strong><br data-start=\"599\" data-end=\"602\" \/>\u201eCentrum u siebie\u201d<br data-start=\"620\" data-end=\"623\" \/>ul. Limanowskiego 1<br data-start=\"642\" data-end=\"645\" \/>47-300 Krapkowice<br data-start=\"662\" data-end=\"665\" \/>\ud83d\udcde +48 792 751 716<\/p><p data-start=\"687\" data-end=\"853\">\ud83d\udccd <strong data-start=\"690\" data-end=\"712\">Gabinet w Berlinie<\/strong><br data-start=\"712\" data-end=\"715\" \/>\u201eImpuls \u2013 R\u00e4ume f\u00fcr Wohlbefinden und Heilkunst\u201d<br data-start=\"762\" data-end=\"765\" \/>Weichselstra\u00dfe 53<br data-start=\"782\" data-end=\"785\" \/>12045 Berlin<br data-start=\"797\" data-end=\"800\" \/>\ud83d\udcde +49 1520 8978 192<br data-start=\"820\" data-end=\"823\" \/>(WhatsApp \/ Telegram \/ Signal)<\/p><p data-start=\"855\" data-end=\"946\">\ud83c\udf0d <strong data-start=\"858\" data-end=\"896\">Online \u2013 dost\u0119pna na ca\u0142ym \u015bwiecie<\/strong><br data-start=\"896\" data-end=\"899\" \/>\u2b50 Konsultacje w j\u0119zyku polskim i niemieckim \u2b50<\/p>\t\t\t\t\t\t\t\t<\/div>\n\t\t\t\t<\/div>\n\t\t<div class=\"elementor-element elementor-element-b7398eb e-con-full e-flex e-con e-child\" data-id=\"b7398eb\" data-element_type=\"container\">\n\t\t\t\t<div class=\"elementor-element elementor-element-55e2ae9 elementor-widget elementor-widget-image\" data-id=\"55e2ae9\" data-element_type=\"widget\" data-widget_type=\"image.default\">\n\t\t\t\t\t\t\t\t\t\t\t\t\t\t\t<img decoding=\"async\" width=\"700\" height=\"700\" src=\"https:\/\/centrumusiebie.pl\/wp-content\/uploads\/2025\/07\/Zdjecie-profilowe.webp\" class=\"attachment-large size-large wp-image-28\" alt=\"\" srcset=\"https:\/\/centrumusiebie.pl\/wp-content\/uploads\/2025\/07\/Zdjecie-profilowe.webp 700w, https:\/\/centrumusiebie.pl\/wp-content\/uploads\/2025\/07\/Zdjecie-profilowe-300x300.webp 300w, https:\/\/centrumusiebie.pl\/wp-content\/uploads\/2025\/07\/Zdjecie-profilowe-150x150.webp 150w\" sizes=\"(max-width: 700px) 100vw, 700px\" \/>\t\t\t\t\t\t\t\t\t\t\t\t\t\t\t<\/div>\n\t\t\t\t<div class=\"elementor-element elementor-element-32d226a elementor-widget elementor-widget-heading\" data-id=\"32d226a\" data-element_type=\"widget\" data-widget_type=\"heading.default\">\n\t\t\t\t\t<h2 class=\"elementor-heading-title elementor-size-default\">Malwina Magdalena Durkalec<\/h2>\t\t\t\t<\/div>\n\t\t\t\t<\/div>\n\t\t\t\t\t<\/div>\n\t\t\t\t<\/div>\n\t\t<div class=\"elementor-element elementor-element-6a524fa e-flex e-con-boxed e-con e-parent\" data-id=\"6a524fa\" data-element_type=\"container\">\n\t\t\t\t\t<div class=\"e-con-inner\">\n\t\t\t\t<div class=\"elementor-element elementor-element-25244d7 elementor-widget elementor-widget-image\" data-id=\"25244d7\" data-element_type=\"widget\" data-widget_type=\"image.default\">\n\t\t\t\t\t\t\t\t\t\t\t\t\t\t\t<img decoding=\"async\" width=\"713\" height=\"451\" src=\"https:\/\/centrumusiebie.pl\/wp-content\/uploads\/2025\/07\/w-budowie.jpg\" class=\"attachment-large size-large wp-image-39\" alt=\"\" srcset=\"https:\/\/centrumusiebie.pl\/wp-content\/uploads\/2025\/07\/w-budowie.jpg 713w, https:\/\/centrumusiebie.pl\/wp-content\/uploads\/2025\/07\/w-budowie-300x190.jpg 300w\" sizes=\"(max-width: 713px) 100vw, 713px\" \/>\t\t\t\t\t\t\t\t\t\t\t\t\t\t\t<\/div>\n\t\t\t\t\t<\/div>\n\t\t\t\t<\/div>\n\t\t\t\t<\/div>\n\t\t","protected":false},"excerpt":{"rendered":"<p>\ud83d\udd27 Strona w budowie \ud83d\udd28 \ud83d\udccd Gabinet stacjonarny\u201eCentrum u siebie\u201dul. Limanowskiego 147-300 Krapkowice\ud83d\udcde +48 792 751 716 \ud83d\udccd Gabinet w Berlinie\u201eImpuls \u2013 R\u00e4ume f\u00fcr Wohlbefinden und Heilkunst\u201dWeichselstra\u00dfe 5312045 Berlin\ud83d\udcde +49 1520 8978 192(WhatsApp \/ Telegram \/ Signal) \ud83c\udf0d Online \u2013 dost\u0119pna na ca\u0142ym \u015bwiecie\u2b50 Konsultacje w j\u0119zyku polskim i niemieckim \u2b50 Malwina Magdalena Durkalec<\/p>\n","protected":false},"author":1,"featured_media":0,"parent":0,"menu_order":0,"comment_status":"closed","ping_status":"closed","template":"","meta":{"footnotes":""},"class_list":["post-10","page","type-page","status-publish","hentry"],"_links":{"self":[{"href":"https:\/\/centrumusiebie.pl\/index.php?rest_route=\/wp\/v2\/pages\/10","targetHints":{"allow":["GET"]}}],"collection":[{"href":"https:\/\/centrumusiebie.pl\/index.php?rest_route=\/wp\/v2\/pages"}],"about":[{"href":"https:\/\/centrumusiebie.pl\/index.php?rest_route=\/wp\/v2\/types\/page"}],"author":[{"embeddable":true,"href":"https:\/\/centrumusiebie.pl\/index.php?rest_route=\/wp\/v2\/users\/1"}],"replies":[{"embeddable":true,"href":"https:\/\/centrumusiebie.pl\/index.php?rest_route=%2Fwp%2Fv2%2Fcomments&post=10"}],"version-history":[{"count":19,"href":"https:\/\/centrumusiebie.pl\/index.php?rest_route=\/wp\/v2\/pages\/10\/revisions"}],"predecessor-version":[{"id":51,"href":"https:\/\/centrumusiebie.pl\/index.php?rest_route=\/wp\/v2\/pages\/10\/revisions\/51"}],"wp:attachment":[{"href":"https:\/\/centrumusiebie.pl\/index.php?rest_route=%2Fwp%2Fv2%2Fmedia&parent=10"}],"curies":[{"name":"wp","href":"https:\/\/api.w.org\/{rel}","templated":true}]}}